{"id":8515,"date":"2021-05-26T11:51:00","date_gmt":"2021-05-26T15:51:00","guid":{"rendered":"http:\/\/www.cruldesign.ca\/?page_id=8515"},"modified":"2025-02-20T18:06:51","modified_gmt":"2025-02-20T23:06:51","slug":"founder","status":"publish","type":"page","link":"https:\/\/www.cruldesign.ca\/en\/founder\/","title":{"rendered":"Founder"},"content":{"rendered":"[vc_row type=&#8221;full_width_background&#8221; full_screen_row_position=&#8221;middle&#8221; column_margin=&#8221;default&#8221; equal_height=&#8221;yes&#8221; content_placement=&#8221;middle&#8221; column_direction=&#8221;default&#8221; column_direction_tablet=&#8221;default&#8221; column_direction_phone=&#8221;default&#8221; scene_position=&#8221;center&#8221; top_padding=&#8221;5%&#8221; constrain_group_1=&#8221;yes&#8221; bottom_padding=&#8221;5%&#8221; text_color=&#8221;dark&#8221; text_align=&#8221;left&#8221; row_border_radius=&#8221;none&#8221; row_border_radius_applies=&#8221;bg&#8221; overlay_strength=&#8221;0.3&#8243; gradient_direction=&#8221;left_to_right&#8221; shape_divider_position=&#8221;bottom&#8221; bg_image_animation=&#8221;none&#8221; shape_type=&#8221;&#8221;][vc_column column_padding=&#8221;no-extra-padding&#8221; column_padding_tablet=&#8221;inherit&#8221; column_padding_phone=&#8221;inherit&#8221; column_padding_position=&#8221;top-bottom&#8221; column_element_spacing=&#8221;default&#8221; background_color_opacity=&#8221;1&#8243; background_hover_color_opacity=&#8221;1&#8243; column_shadow=&#8221;none&#8221; column_border_radius=&#8221;none&#8221; column_link_target=&#8221;_self&#8221; gradient_direction=&#8221;left_to_right&#8221; overlay_strength=&#8221;0.3&#8243; width=&#8221;1\/2&#8243; tablet_width_inherit=&#8221;default&#8221; tablet_text_alignment=&#8221;default&#8221; phone_text_alignment=&#8221;default&#8221; bg_image_animation=&#8221;none&#8221; border_type=&#8221;simple&#8221; column_border_width=&#8221;none&#8221; column_border_style=&#8221;solid&#8221;][vc_row_inner column_margin=&#8221;default&#8221; column_direction=&#8221;default&#8221; column_direction_tablet=&#8221;default&#8221; column_direction_phone=&#8221;default&#8221; text_align=&#8221;left&#8221;][vc_column_inner column_padding=&#8221;no-extra-padding&#8221; column_padding_tablet=&#8221;inherit&#8221; column_padding_phone=&#8221;inherit&#8221; column_padding_position=&#8221;all&#8221; column_element_spacing=&#8221;default&#8221; background_color_opacity=&#8221;1&#8243; background_hover_color_opacity=&#8221;1&#8243; column_shadow=&#8221;none&#8221; column_border_radius=&#8221;none&#8221; column_link_target=&#8221;_self&#8221; gradient_direction=&#8221;left_to_right&#8221; overlay_strength=&#8221;0.3&#8243; width=&#8221;1\/1&#8243; tablet_width_inherit=&#8221;default&#8221; bg_image_animation=&#8221;none&#8221; enable_animation=&#8221;true&#8221; animation=&#8221;fade-in-from-bottom&#8221; border_type=&#8221;simple&#8221; column_border_width=&#8221;none&#8221; column_border_style=&#8221;solid&#8221;][vc_custom_heading text=&#8221;Founder, Anthony Crul&#8221; use_theme_fonts=&#8221;yes&#8221; css=&#8221;.vc_custom_1622044197225{margin-bottom: 20px !important;}&#8221;][vc_column_text]A master cabinetmaker with 25 years of experience, Anthony Crul is the head of Crul Design, offering high-end architectural cabinetry.<\/p>\n<p>Specializing in custom orders for interior architects, designers and individuals, Crul Design offers design, production and installation services in an atmosphere of trust and reliability. From bathroom vanities to kitchens, bedrooms and bookshelves, all of our products are made according to the rules of traditional European woodworking, recognized worldwide.<\/p>\n<p>Crul Design distinguishes itself by the refinement of its creations, the thorough research of various wood species.[\/vc_column_text][nectar_btn size=&#8221;large&#8221; button_style=&#8221;see-through-2&#8243; hover_color_override=&#8221;#241e1c&#8221; hover_text_color_override=&#8221;#ffffff&#8221; icon_family=&#8221;default_arrow&#8221; text=&#8221;Contact&#8221; url=&#8221;http:\/\/www.cruldesign.ca\/en\/contact\/&#8221; margin_top=&#8221;20&#8243;][\/vc_column_inner][\/vc_row_inner][\/vc_column][vc_column column_padding=&#8221;padding-5-percent&#8221; column_padding_tablet=&#8221;inherit&#8221; column_padding_phone=&#8221;inherit&#8221; column_padding_position=&#8221;all&#8221; column_element_spacing=&#8221;default&#8221; background_color_opacity=&#8221;1&#8243; background_hover_color_opacity=&#8221;1&#8243; background_image=&#8221;8730&#8243; background_image_position=&#8221;center center&#8221; enable_bg_scale=&#8221;true&#8221; background_image_loading=&#8221;default&#8221; column_shadow=&#8221;none&#8221; column_border_radius=&#8221;none&#8221; column_link_target=&#8221;_self&#8221; gradient_direction=&#8221;left_to_right&#8221; overlay_strength=&#8221;0.3&#8243; width=&#8221;1\/2&#8243; tablet_width_inherit=&#8221;default&#8221; tablet_text_alignment=&#8221;default&#8221; phone_text_alignment=&#8221;default&#8221; bg_image_animation=&#8221;zoom-out-reveal&#8221; border_type=&#8221;simple&#8221; column_border_width=&#8221;none&#8221; column_border_style=&#8221;solid&#8221;][divider line_type=&#8221;No Line&#8221; custom_height=&#8221;250&#8243;][\/vc_column][\/vc_row]\n","protected":false},"excerpt":{"rendered":"<p>[vc_row type=&#8221;full_width_background&#8221; full_screen_row_position=&#8221;middle&#8221; column_margin=&#8221;default&#8221; equal_height=&#8221;yes&#8221; content_placement=&#8221;middle&#8221; column_direction=&#8221;default&#8221; column_direction_tablet=&#8221;default&#8221; column_direction_phone=&#8221;default&#8221; scene_position=&#8221;center&#8221; top_padding=&#8221;5%&#8221; constrain_group_1=&#8221;yes&#8221; bottom_padding=&#8221;5%&#8221; text_color=&#8221;dark&#8221; text_align=&#8221;left&#8221; row_border_radius=&#8221;none&#8221; row_border_radius_applies=&#8221;bg&#8221; overlay_strength=&#8221;0.3&#8243; gradient_direction=&#8221;left_to_right&#8221; shape_divider_position=&#8221;bottom&#8221; bg_image_animation=&#8221;none&#8221; shape_type=&#8221;&#8221;][vc_column column_padding=&#8221;no-extra-padding&#8221; column_padding_tablet=&#8221;inherit&#8221; column_padding_phone=&#8221;inherit&#8221; column_padding_position=&#8221;top-bottom&#8221; column_element_spacing=&#8221;default&#8221; background_color_opacity=&#8221;1&#8243; background_hover_color_opacity=&#8221;1&#8243; column_shadow=&#8221;none&#8221;&#8230;<\/p>\n","protected":false},"author":3,"featured_media":0,"parent":0,"menu_order":0,"comment_status":"closed","ping_status":"closed","template":"","meta":{"footnotes":""},"class_list":["post-8515","page","type-page","status-publish"],"yoast_head":"<!-- This site is optimized with the Yoast SEO plugin v27.4 - https:\/\/yoast.com\/product\/yoast-seo-wordpress\/ -->\n<title>Founder | CRUL DESIGN Custom Woodworker Montreal<\/title>\n<meta name=\"description\" content=\"Meet the founder of CRUL DESIGN, a custom woodworker &amp; furniture designer in Montreal &amp; South Shore. High-end woodworking.\" \/>\n<meta name=\"robots\" content=\"index, follow, max-snippet:-1, max-image-preview:large, max-video-preview:-1\" \/>\n<link rel=\"canonical\" href=\"https:\/\/www.cruldesign.ca\/en\/founder\/\" \/>\n<meta property=\"og:locale\" content=\"en_US\" \/>\n<meta property=\"og:type\" content=\"article\" \/>\n<meta property=\"og:title\" content=\"Founder | CRUL DESIGN Custom Woodworker Montreal\" \/>\n<meta property=\"og:description\" content=\"Meet the founder of CRUL DESIGN, a custom woodworker &amp; furniture designer in Montreal &amp; South Shore. High-end woodworking.\" \/>\n<meta property=\"og:url\" content=\"https:\/\/www.cruldesign.ca\/en\/founder\/\" \/>\n<meta property=\"og:site_name\" content=\"CRUL DESIGN\" \/>\n<meta property=\"article:modified_time\" content=\"2025-02-20T23:06:51+00:00\" \/>\n<meta name=\"twitter:card\" content=\"summary_large_image\" \/>\n<meta name=\"twitter:label1\" content=\"Est. reading time\" \/>\n\t<meta name=\"twitter:data1\" content=\"2 minutes\" \/>\n<script type=\"application\/ld+json\" class=\"yoast-schema-graph\">{\"@context\":\"https:\\\/\\\/schema.org\",\"@graph\":[{\"@type\":\"WebPage\",\"@id\":\"https:\\\/\\\/www.cruldesign.ca\\\/en\\\/founder\\\/\",\"url\":\"https:\\\/\\\/www.cruldesign.ca\\\/en\\\/founder\\\/\",\"name\":\"Founder | CRUL DESIGN Custom Woodworker Montreal\",\"isPartOf\":{\"@id\":\"https:\\\/\\\/www.cruldesign.ca\\\/#website\"},\"datePublished\":\"2021-05-26T15:51:00+00:00\",\"dateModified\":\"2025-02-20T23:06:51+00:00\",\"description\":\"Meet the founder of CRUL DESIGN, a custom woodworker & furniture designer in Montreal & South Shore. High-end woodworking.\",\"breadcrumb\":{\"@id\":\"https:\\\/\\\/www.cruldesign.ca\\\/en\\\/founder\\\/#breadcrumb\"},\"inLanguage\":\"en-US\",\"potentialAction\":[{\"@type\":\"ReadAction\",\"target\":[\"https:\\\/\\\/www.cruldesign.ca\\\/en\\\/founder\\\/\"]}]},{\"@type\":\"BreadcrumbList\",\"@id\":\"https:\\\/\\\/www.cruldesign.ca\\\/en\\\/founder\\\/#breadcrumb\",\"itemListElement\":[{\"@type\":\"ListItem\",\"position\":1,\"name\":\"Accueil\",\"item\":\"https:\\\/\\\/www.cruldesign.ca\\\/en\\\/\"},{\"@type\":\"ListItem\",\"position\":2,\"name\":\"Founder\"}]},{\"@type\":\"WebSite\",\"@id\":\"https:\\\/\\\/www.cruldesign.ca\\\/#website\",\"url\":\"https:\\\/\\\/www.cruldesign.ca\\\/\",\"name\":\"CRUL DESIGN\",\"description\":\"\u00c9b\u00e9niste, Montr\u00e9al, Rive-Sud\",\"potentialAction\":[{\"@type\":\"SearchAction\",\"target\":{\"@type\":\"EntryPoint\",\"urlTemplate\":\"https:\\\/\\\/www.cruldesign.ca\\\/?s={search_term_string}\"},\"query-input\":{\"@type\":\"PropertyValueSpecification\",\"valueRequired\":true,\"valueName\":\"search_term_string\"}}],\"inLanguage\":\"en-US\"}]}<\/script>\n<!-- \/ Yoast SEO plugin. -->","yoast_head_json":{"title":"Founder | CRUL DESIGN Custom Woodworker Montreal","description":"Meet the founder of CRUL DESIGN, a custom woodworker & furniture designer in Montreal & South Shore. High-end woodworking.","robots":{"index":"index","follow":"follow","max-snippet":"max-snippet:-1","max-image-preview":"max-image-preview:large","max-video-preview":"max-video-preview:-1"},"canonical":"https:\/\/www.cruldesign.ca\/en\/founder\/","og_locale":"en_US","og_type":"article","og_title":"Founder | CRUL DESIGN Custom Woodworker Montreal","og_description":"Meet the founder of CRUL DESIGN, a custom woodworker & furniture designer in Montreal & South Shore. High-end woodworking.","og_url":"https:\/\/www.cruldesign.ca\/en\/founder\/","og_site_name":"CRUL DESIGN","article_modified_time":"2025-02-20T23:06:51+00:00","twitter_card":"summary_large_image","twitter_misc":{"Est. reading time":"2 minutes"},"schema":{"@context":"https:\/\/schema.org","@graph":[{"@type":"WebPage","@id":"https:\/\/www.cruldesign.ca\/en\/founder\/","url":"https:\/\/www.cruldesign.ca\/en\/founder\/","name":"Founder | CRUL DESIGN Custom Woodworker Montreal","isPartOf":{"@id":"https:\/\/www.cruldesign.ca\/#website"},"datePublished":"2021-05-26T15:51:00+00:00","dateModified":"2025-02-20T23:06:51+00:00","description":"Meet the founder of CRUL DESIGN, a custom woodworker & furniture designer in Montreal & South Shore. High-end woodworking.","breadcrumb":{"@id":"https:\/\/www.cruldesign.ca\/en\/founder\/#breadcrumb"},"inLanguage":"en-US","potentialAction":[{"@type":"ReadAction","target":["https:\/\/www.cruldesign.ca\/en\/founder\/"]}]},{"@type":"BreadcrumbList","@id":"https:\/\/www.cruldesign.ca\/en\/founder\/#breadcrumb","itemListElement":[{"@type":"ListItem","position":1,"name":"Accueil","item":"https:\/\/www.cruldesign.ca\/en\/"},{"@type":"ListItem","position":2,"name":"Founder"}]},{"@type":"WebSite","@id":"https:\/\/www.cruldesign.ca\/#website","url":"https:\/\/www.cruldesign.ca\/","name":"CRUL DESIGN","description":"\u00c9b\u00e9niste, Montr\u00e9al, Rive-Sud","potentialAction":[{"@type":"SearchAction","target":{"@type":"EntryPoint","urlTemplate":"https:\/\/www.cruldesign.ca\/?s={search_term_string}"},"query-input":{"@type":"PropertyValueSpecification","valueRequired":true,"valueName":"search_term_string"}}],"inLanguage":"en-US"}]}},"_links":{"self":[{"href":"https:\/\/www.cruldesign.ca\/en\/wp-json\/wp\/v2\/pages\/8515","targetHints":{"allow":["GET"]}}],"collection":[{"href":"https:\/\/www.cruldesign.ca\/en\/wp-json\/wp\/v2\/pages"}],"about":[{"href":"https:\/\/www.cruldesign.ca\/en\/wp-json\/wp\/v2\/types\/page"}],"author":[{"embeddable":true,"href":"https:\/\/www.cruldesign.ca\/en\/wp-json\/wp\/v2\/users\/3"}],"replies":[{"embeddable":true,"href":"https:\/\/www.cruldesign.ca\/en\/wp-json\/wp\/v2\/comments?post=8515"}],"version-history":[{"count":3,"href":"https:\/\/www.cruldesign.ca\/en\/wp-json\/wp\/v2\/pages\/8515\/revisions"}],"predecessor-version":[{"id":8832,"href":"https:\/\/www.cruldesign.ca\/en\/wp-json\/wp\/v2\/pages\/8515\/revisions\/8832"}],"wp:attachment":[{"href":"https:\/\/www.cruldesign.ca\/en\/wp-json\/wp\/v2\/media?parent=8515"}],"curies":[{"name":"wp","href":"https:\/\/api.w.org\/{rel}","templated":true}]}}